{"id":188,"date":"2022-02-13T23:05:00","date_gmt":"2022-02-13T22:05:00","guid":{"rendered":"https:\/\/ma-automotive.at\/?page_id=188"},"modified":"2024-11-19T16:35:12","modified_gmt":"2024-11-19T15:35:12","slug":"finanzierung","status":"publish","type":"page","link":"https:\/\/ma-automotive.at\/en\/finanzierung\/","title":{"rendered":"Financing"},"content":{"rendered":"<p><strong>Simple \u2013 fair &amp; unbureaucratic<\/strong><\/p>\n\n\n\n<p>MA Automotive GmbH bietet seinen Kunden die optimale Finanzierungsm\u00f6glichkeit ma\u00dfgeschneidert auf den individuellen Bedarf. Durch unser Angebot sparen Sie Kapital und k\u00f6nnen Ihre Liquidit\u00e4t f\u00fcr andere Dinge einsetzen.<\/p>\n\n\n\n<p>The financing is granted quickly and unbureaucratically, ideally you could drive home with your dream vehicle on the same day.<\/p>\n\n\n\n<p>We advise you with handshake quality. That's why we create every financing offer personally with you on site in order to be able to offer you the perfect solution. <\/p>\n\n\n\n<p>Furthermore, there is of course the possibility of early repayment; we would be happy to advise you on this!<\/p>\n\n\n\n<div style=\"height:78px\" aria-hidden=\"true\" class=\"wp-block-spacer\"><\/div>","protected":false},"excerpt":{"rendered":"<p>Einfach &#8211; Fair &amp; Unb\u00fcrokratisch MA Automotive GmbH bietet seinen Kunden die optimale Finanzierungsm\u00f6glichkeit ma\u00dfgeschneidert auf den individuellen Bedarf. Durch unser Angebot sparen Sie Kapital und k\u00f6nnen Ihre Liquidit\u00e4t f\u00fcr andere Dinge einsetzen. Die Finanzierungsvergabe erfolgt rasch und unb\u00fcrokratisch, Sie k\u00f6nnten schon im Idealfall gleich am selben Tag mit Ihrem Traumfahrzeug nach Hause fahren. Wir &hellip; <\/p>\n<p class=\"link-more\"><a href=\"https:\/\/ma-automotive.at\/en\/finanzierung\/\" class=\"more-link\">Read more<span class=\"screen-reader-text\"> &#8222;Finanzierung&#8220;<\/span><\/a><\/p>","protected":false},"author":1,"featured_media":0,"parent":0,"menu_order":0,"comment_status":"closed","ping_status":"closed","template":"","meta":[],"yoast_head":"<!-- This site is optimized with the Yoast SEO plugin v18.0 - https:\/\/yoast.com\/wordpress\/plugins\/seo\/ -->\n<title>Finanzierung &ndash; MA Automotive<\/title>\n<meta name=\"description\" content=\"DA Automotive bietet seinen Kunden die optimale Finanzierungsm\u00f6glichkeit ma\u00dfgeschneidert auf den individuellen Bedarf. Durch unser Angebot sparen Sie Kapital und k\u00f6nnen Ihre Liquidit\u00e4t f\u00fcr andere Dinge einsetzen.\" \/>\n<meta name=\"robots\" content=\"index, follow, max-snippet:-1, max-image-preview:large, max-video-preview:-1\" \/>\n<link rel=\"canonical\" href=\"https:\/\/ma-automotive.at\/en\/finanzierung\/\" \/>\n<meta property=\"og:locale\" content=\"en_US\" \/>\n<meta property=\"og:type\" content=\"article\" \/>\n<meta property=\"og:title\" content=\"Finanzierung &ndash; MA Automotive\" \/>\n<meta property=\"og:description\" content=\"DA Automotive bietet seinen Kunden die optimale Finanzierungsm\u00f6glichkeit ma\u00dfgeschneidert auf den individuellen Bedarf. Durch unser Angebot sparen Sie Kapital und k\u00f6nnen Ihre Liquidit\u00e4t f\u00fcr andere Dinge einsetzen.\" \/>\n<meta property=\"og:url\" content=\"https:\/\/ma-automotive.at\/en\/finanzierung\/\" \/>\n<meta property=\"og:site_name\" content=\"MA Automotive\" \/>\n<meta property=\"article:modified_time\" content=\"2024-11-19T15:35:12+00:00\" \/>\n<meta name=\"twitter:card\" content=\"summary_large_image\" \/>\n<meta name=\"twitter:label1\" content=\"Est. reading time\" \/>\n\t<meta name=\"twitter:data1\" content=\"1 minute\" \/>\n<script type=\"application\/ld+json\" class=\"yoast-schema-graph\">{\"@context\":\"https:\/\/schema.org\",\"@graph\":[{\"@type\":\"Organization\",\"@id\":\"https:\/\/ma-automotive.at\/#organization\",\"name\":\"DA Automotive\",\"url\":\"https:\/\/ma-automotive.at\/\",\"sameAs\":[],\"logo\":{\"@type\":\"ImageObject\",\"@id\":\"https:\/\/ma-automotive.at\/#logo\",\"inLanguage\":\"en-US\",\"url\":\"https:\/\/ma-automotive.at\/wp-content\/uploads\/2022\/01\/DA_Black_On_White.png\",\"contentUrl\":\"https:\/\/ma-automotive.at\/wp-content\/uploads\/2022\/01\/DA_Black_On_White.png\",\"width\":4800,\"height\":4800,\"caption\":\"DA Automotive\"},\"image\":{\"@id\":\"https:\/\/ma-automotive.at\/#logo\"}},{\"@type\":\"WebSite\",\"@id\":\"https:\/\/ma-automotive.at\/#website\",\"url\":\"https:\/\/ma-automotive.at\/\",\"name\":\"MA Automotive\",\"description\":\"Ihr First Class Gebrauchtwagenpartner\",\"publisher\":{\"@id\":\"https:\/\/ma-automotive.at\/#organization\"},\"potentialAction\":[{\"@type\":\"SearchAction\",\"target\":{\"@type\":\"EntryPoint\",\"urlTemplate\":\"https:\/\/ma-automotive.at\/?s={search_term_string}\"},\"query-input\":\"required name=search_term_string\"}],\"inLanguage\":\"en-US\"},{\"@type\":\"WebPage\",\"@id\":\"https:\/\/ma-automotive.at\/finanzierung\/#webpage\",\"url\":\"https:\/\/ma-automotive.at\/finanzierung\/\",\"name\":\"Finanzierung &ndash; MA Automotive\",\"isPartOf\":{\"@id\":\"https:\/\/ma-automotive.at\/#website\"},\"datePublished\":\"2022-02-13T22:05:00+00:00\",\"dateModified\":\"2024-11-19T15:35:12+00:00\",\"description\":\"DA Automotive bietet seinen Kunden die optimale Finanzierungsm\u00f6glichkeit ma\u00dfgeschneidert auf den individuellen Bedarf. Durch unser Angebot sparen Sie Kapital und k\u00f6nnen Ihre Liquidit\u00e4t f\u00fcr andere Dinge einsetzen.\",\"breadcrumb\":{\"@id\":\"https:\/\/ma-automotive.at\/finanzierung\/#breadcrumb\"},\"inLanguage\":\"en-US\",\"potentialAction\":[{\"@type\":\"ReadAction\",\"target\":[\"https:\/\/ma-automotive.at\/finanzierung\/\"]}]},{\"@type\":\"BreadcrumbList\",\"@id\":\"https:\/\/ma-automotive.at\/finanzierung\/#breadcrumb\",\"itemListElement\":[{\"@type\":\"ListItem\",\"position\":1,\"name\":\"Startseite\",\"item\":\"https:\/\/ma-automotive.at\/\"},{\"@type\":\"ListItem\",\"position\":2,\"name\":\"Finanzierung\"}]}]}<\/script>\n<!-- \/ Yoast SEO plugin. -->","yoast_head_json":{"title":"Finanzierung &ndash; MA Automotive","description":"DA Automotive bietet seinen Kunden die optimale Finanzierungsm\u00f6glichkeit ma\u00dfgeschneidert auf den individuellen Bedarf. Durch unser Angebot sparen Sie Kapital und k\u00f6nnen Ihre Liquidit\u00e4t f\u00fcr andere Dinge einsetzen.","robots":{"index":"index","follow":"follow","max-snippet":"max-snippet:-1","max-image-preview":"max-image-preview:large","max-video-preview":"max-video-preview:-1"},"canonical":"https:\/\/ma-automotive.at\/en\/finanzierung\/","og_locale":"en_US","og_type":"article","og_title":"Finanzierung &ndash; MA Automotive","og_description":"DA Automotive bietet seinen Kunden die optimale Finanzierungsm\u00f6glichkeit ma\u00dfgeschneidert auf den individuellen Bedarf. Durch unser Angebot sparen Sie Kapital und k\u00f6nnen Ihre Liquidit\u00e4t f\u00fcr andere Dinge einsetzen.","og_url":"https:\/\/ma-automotive.at\/en\/finanzierung\/","og_site_name":"MA Automotive","article_modified_time":"2024-11-19T15:35:12+00:00","twitter_card":"summary_large_image","twitter_misc":{"Est. reading time":"1 minute"},"schema":{"@context":"https:\/\/schema.org","@graph":[{"@type":"Organization","@id":"https:\/\/ma-automotive.at\/#organization","name":"DA Automotive","url":"https:\/\/ma-automotive.at\/","sameAs":[],"logo":{"@type":"ImageObject","@id":"https:\/\/ma-automotive.at\/#logo","inLanguage":"en-US","url":"https:\/\/ma-automotive.at\/wp-content\/uploads\/2022\/01\/DA_Black_On_White.png","contentUrl":"https:\/\/ma-automotive.at\/wp-content\/uploads\/2022\/01\/DA_Black_On_White.png","width":4800,"height":4800,"caption":"DA Automotive"},"image":{"@id":"https:\/\/ma-automotive.at\/#logo"}},{"@type":"WebSite","@id":"https:\/\/ma-automotive.at\/#website","url":"https:\/\/ma-automotive.at\/","name":"MA Automotive","description":"Ihr First Class Gebrauchtwagenpartner","publisher":{"@id":"https:\/\/ma-automotive.at\/#organization"},"potentialAction":[{"@type":"SearchAction","target":{"@type":"EntryPoint","urlTemplate":"https:\/\/ma-automotive.at\/?s={search_term_string}"},"query-input":"required name=search_term_string"}],"inLanguage":"en-US"},{"@type":"WebPage","@id":"https:\/\/ma-automotive.at\/finanzierung\/#webpage","url":"https:\/\/ma-automotive.at\/finanzierung\/","name":"Finanzierung &ndash; MA Automotive","isPartOf":{"@id":"https:\/\/ma-automotive.at\/#website"},"datePublished":"2022-02-13T22:05:00+00:00","dateModified":"2024-11-19T15:35:12+00:00","description":"DA Automotive bietet seinen Kunden die optimale Finanzierungsm\u00f6glichkeit ma\u00dfgeschneidert auf den individuellen Bedarf. Durch unser Angebot sparen Sie Kapital und k\u00f6nnen Ihre Liquidit\u00e4t f\u00fcr andere Dinge einsetzen.","breadcrumb":{"@id":"https:\/\/ma-automotive.at\/finanzierung\/#breadcrumb"},"inLanguage":"en-US","potentialAction":[{"@type":"ReadAction","target":["https:\/\/ma-automotive.at\/finanzierung\/"]}]},{"@type":"BreadcrumbList","@id":"https:\/\/ma-automotive.at\/finanzierung\/#breadcrumb","itemListElement":[{"@type":"ListItem","position":1,"name":"Startseite","item":"https:\/\/ma-automotive.at\/"},{"@type":"ListItem","position":2,"name":"Finanzierung"}]}]}},"featured_media_urls":[],"_links":{"self":[{"href":"https:\/\/ma-automotive.at\/en\/wp-json\/wp\/v2\/pages\/188"}],"collection":[{"href":"https:\/\/ma-automotive.at\/en\/wp-json\/wp\/v2\/pages"}],"about":[{"href":"https:\/\/ma-automotive.at\/en\/wp-json\/wp\/v2\/types\/page"}],"author":[{"embeddable":true,"href":"https:\/\/ma-automotive.at\/en\/wp-json\/wp\/v2\/users\/1"}],"replies":[{"embeddable":true,"href":"https:\/\/ma-automotive.at\/en\/wp-json\/wp\/v2\/comments?post=188"}],"version-history":[{"count":1,"href":"https:\/\/ma-automotive.at\/en\/wp-json\/wp\/v2\/pages\/188\/revisions"}],"predecessor-version":[{"id":592,"href":"https:\/\/ma-automotive.at\/en\/wp-json\/wp\/v2\/pages\/188\/revisions\/592"}],"wp:attachment":[{"href":"https:\/\/ma-automotive.at\/en\/wp-json\/wp\/v2\/media?parent=188"}],"curies":[{"name":"wp","href":"https:\/\/api.w.org\/{rel}","templated":true}]}}