{"id":189,"date":"2022-02-13T23:05:00","date_gmt":"2022-02-13T22:05:00","guid":{"rendered":"https:\/\/ma-automotive.at\/?page_id=189"},"modified":"2024-06-15T08:49:06","modified_gmt":"2024-06-15T07:49:06","slug":"versicherung","status":"publish","type":"page","link":"https:\/\/ma-automotive.at\/en\/versicherung\/","title":{"rendered":"Insurance"},"content":{"rendered":"<p>Our First Class insurance partner Stefan Eisner will be happy to advise you personally and flexibly in order to be able to offer you the best tailor-made offer.<\/p>\n\n\n\n<p>Admission and registration can be carried out on the same day, as we are in direct contact with Mr. Eisner.<\/p>\n\n\n\n<p>Genie\u00dfen Sie jetzt Ihre Sonderkonditionen durch MA Automotive GmbH und kontaktieren Sie uns!<\/p>\n\n\n\n<div class=\"wp-block-columns\">\n<div class=\"wp-block-column\">\n<figure class=\"wp-block-image size-full\"><img loading=\"lazy\" width=\"224\" height=\"224\" src=\"https:\/\/ma-automotive.at\/wp-content\/uploads\/2024\/06\/images.png\" alt=\"\" class=\"wp-image-575\" srcset=\"https:\/\/ma-automotive.at\/wp-content\/uploads\/2024\/06\/images.png 224w, https:\/\/ma-automotive.at\/wp-content\/uploads\/2024\/06\/images-150x150.png 150w, https:\/\/ma-automotive.at\/wp-content\/uploads\/2024\/06\/images-12x12.png 12w\" sizes=\"(max-width: 224px) 100vw, 224px\" \/><\/figure>\n\n\n\n<p>You are spared the hassle of getting serious advice because our customers are Mr. Eisner's top priority. Furthermore, your personal advisor is always at your side if you don't know what to do next.<\/p>\n\n\n\n<p><\/p>\n\n\n\n<p>Thanks to our many years of cooperation, we can offer you the best offer.<\/p>\n<\/div>\n\n\n\n<div class=\"wp-block-column\">\n<!DOCTYPE html>\n<html lang=\"en\">\n<head>\n    <meta charset=\"UTF-8\">\n    <meta name=\"viewport\" content=\"width=device-width, initial-scale=1.0\">\n    <title>Contact Card<\/title>\n    <style>\n        .contact-card {\n            border: 1px solid #b71e3c;\n            padding: 20px;\n            width: 350px;\n            text-align: center;\n            font-family: Arial, sans-serif;\n            color: #1e1e1e;\n        }\n        .contact-card img {\n            border-radius: 0%;\n            width: 200px;\n            height: 200px;\n            object-fit: cover;\n        }\n        .contact-card h2 {\n            color: #b71e3c;\n            font-size: 1.2em;\n            margin: 10px 0 5px 0;\n        }\n        .contact-card p {\n            margin: 5px 0;\n            font-size: 0.9em;\n        }\n        .contact-card .icon {\n            display: inline-block;\n            width: 20px;\n            margin-right: 5px;\n            height: 20px;\n            vertical-align: middle;\n        }\n        .contact-card a {\n            color: red;\n            text-decoration: none;\n        }\n        .contact-card a:hover {\n            text-decoration: underline;\n        }\n        .contact-card .button {\n            display: inline-block;\n            padding: 10px 20px;\n            margin-top: 10px;\n            background-color: #b71e3c;\n            color: #fff;\n            text-decoration: none;\n            border-radius: 5px;\n        }\n    <\/style>\n<\/head>\n<body>\n    <div class=\"contact-card\">\n        <img src=\"https:\/\/ma-automotive.at\/wp-content\/uploads\/2022\/02\/Eisner-scaled.jpeg\" alt=\"Stefan Eisner\">\n        <h2>Stefan Eisner<\/h2>\n        <p>Kundenbetreuer<\/p>\n        <hr style=\"border-top: 1px solid #d32f2f;\">\n        <p><a href=\"tel:+4372296385223\"><img src=\"https:\/\/ma-automotive.at\/wp-content\/uploads\/2024\/06\/telefon-flip.png\" alt=\"Phone\" class=\"icon\"> +43 7229 \/ 63 852 23<\/a><\/p>\n        <p><a href=\"tel:+436765074447\"><img src=\"https:\/\/ma-automotive.at\/wp-content\/uploads\/2024\/06\/telefon-flip.png\" alt=\"Calendar\" class=\"icon\"> +43 676 \/ 50 74 447<\/a><\/p>\n        <p><a href=\"mailto:eisner@prp.at\"><img src=\"https:\/\/ma-automotive.at\/wp-content\/uploads\/2024\/06\/umschlage.png\" alt=\"Email\" class=\"icon\"> eisner@prp.at<\/a><\/p>\n        <p><img src=\"https:\/\/ma-automotive.at\/wp-content\/uploads\/2024\/06\/standort-der-landschicht.png\" alt=\"Location\" class=\"icon\"> Kremstalstra\u00dfe 20, 4050 Traun<\/p>\n        <a href=\"https:\/\/prp.at\" class=\"button\">MEHR<\/a>\n    <\/div>\n<\/body>\n<\/html>\n<\/div>\n<\/div>\n\n\n\n<p><\/p>\n\n\n\n<p><\/p>","protected":false},"excerpt":{"rendered":"<p>Die Zulassung sowie Anmeldung kann am selben Tag noch durchgef\u00fchrt werden, da wir im direkten Kontakt mit Herr Eisner stehen. Genie\u00dfen Sie jetzt Ihre Sonderkonditionen durch MA Automotive GmbH und kontaktieren Sie uns! Ihnen bleibt der l\u00e4stige Aufwand zu einer seri\u00f6sen Beratung erspart, da unsere Kunden bei Herr Eisner an oberster Priorit\u00e4t stehen. Des weiteren &hellip; <\/p>\n<p class=\"link-more\"><a href=\"https:\/\/ma-automotive.at\/en\/versicherung\/\" class=\"more-link\">Read more<span class=\"screen-reader-text\"> &#8222;Versicherung&#8220;<\/span><\/a><\/p>","protected":false},"author":1,"featured_media":0,"parent":0,"menu_order":0,"comment_status":"closed","ping_status":"closed","template":"","meta":[],"yoast_head":"<!-- This site is optimized with the Yoast SEO plugin v18.0 - https:\/\/yoast.com\/wordpress\/plugins\/seo\/ -->\n<title>Versicherung &ndash; MA Automotive<\/title>\n<meta name=\"description\" content=\"Unser First Class Versicherungspartner Stefan Eisner beratet Sie gerne pers\u00f6nlich und flexibel um Ihnen das beste ma\u00dfgeschneiderte Angebot anbieten zu k\u00f6nnen.\" \/>\n<meta name=\"robots\" content=\"index, follow, max-snippet:-1, max-image-preview:large, max-video-preview:-1\" \/>\n<link rel=\"canonical\" href=\"https:\/\/ma-automotive.at\/en\/versicherung\/\" \/>\n<meta property=\"og:locale\" content=\"en_US\" \/>\n<meta property=\"og:type\" content=\"article\" \/>\n<meta property=\"og:title\" content=\"Versicherung &ndash; MA Automotive\" \/>\n<meta property=\"og:description\" content=\"Unser First Class Versicherungspartner Stefan Eisner beratet Sie gerne pers\u00f6nlich und flexibel um Ihnen das beste ma\u00dfgeschneiderte Angebot anbieten zu k\u00f6nnen.\" \/>\n<meta property=\"og:url\" content=\"https:\/\/ma-automotive.at\/en\/versicherung\/\" \/>\n<meta property=\"og:site_name\" content=\"MA Automotive\" \/>\n<meta property=\"article:modified_time\" content=\"2024-06-15T07:49:06+00:00\" \/>\n<meta property=\"og:image\" content=\"https:\/\/ma-automotive.at\/wp-content\/uploads\/2024\/06\/images.png\" \/>\n\t<meta property=\"og:image:width\" content=\"224\" \/>\n\t<meta property=\"og:image:height\" content=\"224\" \/>\n\t<meta property=\"og:image:type\" content=\"image\/png\" \/>\n<meta name=\"twitter:card\" content=\"summary_large_image\" \/>\n<meta name=\"twitter:label1\" content=\"Est. reading time\" \/>\n\t<meta name=\"twitter:data1\" content=\"3 minutes\" \/>\n<script type=\"application\/ld+json\" class=\"yoast-schema-graph\">{\"@context\":\"https:\/\/schema.org\",\"@graph\":[{\"@type\":\"Organization\",\"@id\":\"https:\/\/ma-automotive.at\/#organization\",\"name\":\"DA Automotive\",\"url\":\"https:\/\/ma-automotive.at\/\",\"sameAs\":[],\"logo\":{\"@type\":\"ImageObject\",\"@id\":\"https:\/\/ma-automotive.at\/#logo\",\"inLanguage\":\"en-US\",\"url\":\"https:\/\/ma-automotive.at\/wp-content\/uploads\/2022\/01\/DA_Black_On_White.png\",\"contentUrl\":\"https:\/\/ma-automotive.at\/wp-content\/uploads\/2022\/01\/DA_Black_On_White.png\",\"width\":4800,\"height\":4800,\"caption\":\"DA Automotive\"},\"image\":{\"@id\":\"https:\/\/ma-automotive.at\/#logo\"}},{\"@type\":\"WebSite\",\"@id\":\"https:\/\/ma-automotive.at\/#website\",\"url\":\"https:\/\/ma-automotive.at\/\",\"name\":\"MA Automotive\",\"description\":\"Ihr First Class Gebrauchtwagenpartner\",\"publisher\":{\"@id\":\"https:\/\/ma-automotive.at\/#organization\"},\"potentialAction\":[{\"@type\":\"SearchAction\",\"target\":{\"@type\":\"EntryPoint\",\"urlTemplate\":\"https:\/\/ma-automotive.at\/?s={search_term_string}\"},\"query-input\":\"required name=search_term_string\"}],\"inLanguage\":\"en-US\"},{\"@type\":\"ImageObject\",\"@id\":\"https:\/\/ma-automotive.at\/versicherung\/#primaryimage\",\"inLanguage\":\"en-US\",\"url\":\"https:\/\/ma-automotive.at\/wp-content\/uploads\/2024\/06\/images.png\",\"contentUrl\":\"https:\/\/ma-automotive.at\/wp-content\/uploads\/2024\/06\/images.png\",\"width\":224,\"height\":224},{\"@type\":\"WebPage\",\"@id\":\"https:\/\/ma-automotive.at\/versicherung\/#webpage\",\"url\":\"https:\/\/ma-automotive.at\/versicherung\/\",\"name\":\"Versicherung &ndash; MA Automotive\",\"isPartOf\":{\"@id\":\"https:\/\/ma-automotive.at\/#website\"},\"primaryImageOfPage\":{\"@id\":\"https:\/\/ma-automotive.at\/versicherung\/#primaryimage\"},\"datePublished\":\"2022-02-13T22:05:00+00:00\",\"dateModified\":\"2024-06-15T07:49:06+00:00\",\"description\":\"Unser First Class Versicherungspartner Stefan Eisner beratet Sie gerne pers\u00f6nlich und flexibel um Ihnen das beste ma\u00dfgeschneiderte Angebot anbieten zu k\u00f6nnen.\",\"breadcrumb\":{\"@id\":\"https:\/\/ma-automotive.at\/versicherung\/#breadcrumb\"},\"inLanguage\":\"en-US\",\"potentialAction\":[{\"@type\":\"ReadAction\",\"target\":[\"https:\/\/ma-automotive.at\/versicherung\/\"]}]},{\"@type\":\"BreadcrumbList\",\"@id\":\"https:\/\/ma-automotive.at\/versicherung\/#breadcrumb\",\"itemListElement\":[{\"@type\":\"ListItem\",\"position\":1,\"name\":\"Startseite\",\"item\":\"https:\/\/ma-automotive.at\/\"},{\"@type\":\"ListItem\",\"position\":2,\"name\":\"Versicherung\"}]}]}<\/script>\n<!-- \/ Yoast SEO plugin. -->","yoast_head_json":{"title":"Versicherung &ndash; MA Automotive","description":"Unser First Class Versicherungspartner Stefan Eisner beratet Sie gerne pers\u00f6nlich und flexibel um Ihnen das beste ma\u00dfgeschneiderte Angebot anbieten zu k\u00f6nnen.","robots":{"index":"index","follow":"follow","max-snippet":"max-snippet:-1","max-image-preview":"max-image-preview:large","max-video-preview":"max-video-preview:-1"},"canonical":"https:\/\/ma-automotive.at\/en\/versicherung\/","og_locale":"en_US","og_type":"article","og_title":"Versicherung &ndash; MA Automotive","og_description":"Unser First Class Versicherungspartner Stefan Eisner beratet Sie gerne pers\u00f6nlich und flexibel um Ihnen das beste ma\u00dfgeschneiderte Angebot anbieten zu k\u00f6nnen.","og_url":"https:\/\/ma-automotive.at\/en\/versicherung\/","og_site_name":"MA Automotive","article_modified_time":"2024-06-15T07:49:06+00:00","og_image":[{"width":224,"height":224,"url":"https:\/\/ma-automotive.at\/wp-content\/uploads\/2024\/06\/images.png","type":"image\/png"}],"twitter_card":"summary_large_image","twitter_misc":{"Est. reading time":"3 minutes"},"schema":{"@context":"https:\/\/schema.org","@graph":[{"@type":"Organization","@id":"https:\/\/ma-automotive.at\/#organization","name":"DA Automotive","url":"https:\/\/ma-automotive.at\/","sameAs":[],"logo":{"@type":"ImageObject","@id":"https:\/\/ma-automotive.at\/#logo","inLanguage":"en-US","url":"https:\/\/ma-automotive.at\/wp-content\/uploads\/2022\/01\/DA_Black_On_White.png","contentUrl":"https:\/\/ma-automotive.at\/wp-content\/uploads\/2022\/01\/DA_Black_On_White.png","width":4800,"height":4800,"caption":"DA Automotive"},"image":{"@id":"https:\/\/ma-automotive.at\/#logo"}},{"@type":"WebSite","@id":"https:\/\/ma-automotive.at\/#website","url":"https:\/\/ma-automotive.at\/","name":"MA Automotive","description":"Ihr First Class Gebrauchtwagenpartner","publisher":{"@id":"https:\/\/ma-automotive.at\/#organization"},"potentialAction":[{"@type":"SearchAction","target":{"@type":"EntryPoint","urlTemplate":"https:\/\/ma-automotive.at\/?s={search_term_string}"},"query-input":"required name=search_term_string"}],"inLanguage":"en-US"},{"@type":"ImageObject","@id":"https:\/\/ma-automotive.at\/versicherung\/#primaryimage","inLanguage":"en-US","url":"https:\/\/ma-automotive.at\/wp-content\/uploads\/2024\/06\/images.png","contentUrl":"https:\/\/ma-automotive.at\/wp-content\/uploads\/2024\/06\/images.png","width":224,"height":224},{"@type":"WebPage","@id":"https:\/\/ma-automotive.at\/versicherung\/#webpage","url":"https:\/\/ma-automotive.at\/versicherung\/","name":"Versicherung &ndash; MA Automotive","isPartOf":{"@id":"https:\/\/ma-automotive.at\/#website"},"primaryImageOfPage":{"@id":"https:\/\/ma-automotive.at\/versicherung\/#primaryimage"},"datePublished":"2022-02-13T22:05:00+00:00","dateModified":"2024-06-15T07:49:06+00:00","description":"Unser First Class Versicherungspartner Stefan Eisner beratet Sie gerne pers\u00f6nlich und flexibel um Ihnen das beste ma\u00dfgeschneiderte Angebot anbieten zu k\u00f6nnen.","breadcrumb":{"@id":"https:\/\/ma-automotive.at\/versicherung\/#breadcrumb"},"inLanguage":"en-US","potentialAction":[{"@type":"ReadAction","target":["https:\/\/ma-automotive.at\/versicherung\/"]}]},{"@type":"BreadcrumbList","@id":"https:\/\/ma-automotive.at\/versicherung\/#breadcrumb","itemListElement":[{"@type":"ListItem","position":1,"name":"Startseite","item":"https:\/\/ma-automotive.at\/"},{"@type":"ListItem","position":2,"name":"Versicherung"}]}]}},"featured_media_urls":[],"_links":{"self":[{"href":"https:\/\/ma-automotive.at\/en\/wp-json\/wp\/v2\/pages\/189"}],"collection":[{"href":"https:\/\/ma-automotive.at\/en\/wp-json\/wp\/v2\/pages"}],"about":[{"href":"https:\/\/ma-automotive.at\/en\/wp-json\/wp\/v2\/types\/page"}],"author":[{"embeddable":true,"href":"https:\/\/ma-automotive.at\/en\/wp-json\/wp\/v2\/users\/1"}],"replies":[{"embeddable":true,"href":"https:\/\/ma-automotive.at\/en\/wp-json\/wp\/v2\/comments?post=189"}],"version-history":[{"count":6,"href":"https:\/\/ma-automotive.at\/en\/wp-json\/wp\/v2\/pages\/189\/revisions"}],"predecessor-version":[{"id":596,"href":"https:\/\/ma-automotive.at\/en\/wp-json\/wp\/v2\/pages\/189\/revisions\/596"}],"wp:attachment":[{"href":"https:\/\/ma-automotive.at\/en\/wp-json\/wp\/v2\/media?parent=189"}],"curies":[{"name":"wp","href":"https:\/\/api.w.org\/{rel}","templated":true}]}}