{"id":257,"date":"2022-02-27T18:32:20","date_gmt":"2022-02-27T17:32:20","guid":{"rendered":"https:\/\/ma-automotive.at\/?page_id=257"},"modified":"2024-11-19T16:44:54","modified_gmt":"2024-11-19T15:44:54","slug":"impressum","status":"publish","type":"page","link":"https:\/\/ma-automotive.at\/en\/impressum\/","title":{"rendered":"Imprint"},"content":{"rendered":"<p><strong>FIRMENNAME<\/strong>:&nbsp;MA Automotive GmbH<\/p>\n\n\n\n<p><strong>FIRMENBUCHNUMMER<\/strong>:\u00a0 FN 629902 b<\/p>\n\n\n\n<p><strong>UID-NUMMER<\/strong>:\u00a0ATU80843009<\/p>\n\n\n\n<p><strong>GESCH\u00c4FTSF\u00dcHRER<\/strong>:&nbsp;D\u00fcrri Ahmed<\/p>\n\n\n\n<p><strong>RECHNUNGSDRESSE<\/strong>:<br>Ennserstra\u00dfe 54<br>4407 Steyr&nbsp;Gleink<\/p>\n\n\n\n<div style=\"height:31px\" aria-hidden=\"true\" class=\"wp-block-spacer\"><\/div>","protected":false},"excerpt":{"rendered":"<p>FIRMENNAME:&nbsp;MA Automotive GmbH FIRMENBUCHNUMMER:\u00a0 FN 629902 b UID-NUMMER:\u00a0ATU80843009 GESCH\u00c4FTSF\u00dcHRER:&nbsp;D\u00fcrri Ahmed RECHNUNGSDRESSE:Ennserstra\u00dfe 544407 Steyr&nbsp;Gleink<\/p>","protected":false},"author":1,"featured_media":0,"parent":0,"menu_order":0,"comment_status":"closed","ping_status":"closed","template":"","meta":[],"yoast_head":"<!-- This site is optimized with the Yoast SEO plugin v18.0 - https:\/\/yoast.com\/wordpress\/plugins\/seo\/ -->\n<title>Impressum &ndash; MA Automotive<\/title>\n<meta name=\"robots\" content=\"index, follow, max-snippet:-1, max-image-preview:large, max-video-preview:-1\" \/>\n<link rel=\"canonical\" href=\"https:\/\/ma-automotive.at\/en\/impressum\/\" \/>\n<meta property=\"og:locale\" content=\"en_US\" \/>\n<meta property=\"og:type\" content=\"article\" \/>\n<meta property=\"og:title\" content=\"Impressum &ndash; MA Automotive\" \/>\n<meta property=\"og:description\" content=\"FIRMENNAME:&nbsp;MA Automotive GmbH FIRMENBUCHNUMMER:\u00a0 FN 629902 b UID-NUMMER:\u00a0ATU80843009 GESCH\u00c4FTSF\u00dcHRER:&nbsp;D\u00fcrri Ahmed RECHNUNGSDRESSE:Ennserstra\u00dfe 544407 Steyr&nbsp;Gleink\" \/>\n<meta property=\"og:url\" content=\"https:\/\/ma-automotive.at\/en\/impressum\/\" \/>\n<meta property=\"og:site_name\" content=\"MA Automotive\" \/>\n<meta property=\"article:modified_time\" content=\"2024-11-19T15:44:54+00:00\" \/>\n<meta property=\"og:image\" content=\"https:\/\/ma-automotive.at\/wp-content\/uploads\/2022\/01\/cropped-DA_Black_On_White.png\" \/>\n\t<meta property=\"og:image:width\" content=\"4800\" \/>\n\t<meta property=\"og:image:height\" content=\"4800\" \/>\n\t<meta property=\"og:image:type\" content=\"image\/png\" \/>\n<meta name=\"twitter:card\" content=\"summary_large_image\" \/>\n<meta name=\"twitter:label1\" content=\"Est. reading time\" \/>\n\t<meta name=\"twitter:data1\" content=\"1 minute\" \/>\n<script type=\"application\/ld+json\" class=\"yoast-schema-graph\">{\"@context\":\"https:\/\/schema.org\",\"@graph\":[{\"@type\":\"Organization\",\"@id\":\"https:\/\/ma-automotive.at\/#organization\",\"name\":\"DA Automotive\",\"url\":\"https:\/\/ma-automotive.at\/\",\"sameAs\":[],\"logo\":{\"@type\":\"ImageObject\",\"@id\":\"https:\/\/ma-automotive.at\/#logo\",\"inLanguage\":\"en-US\",\"url\":\"https:\/\/ma-automotive.at\/wp-content\/uploads\/2022\/01\/DA_Black_On_White.png\",\"contentUrl\":\"https:\/\/ma-automotive.at\/wp-content\/uploads\/2022\/01\/DA_Black_On_White.png\",\"width\":4800,\"height\":4800,\"caption\":\"DA Automotive\"},\"image\":{\"@id\":\"https:\/\/ma-automotive.at\/#logo\"}},{\"@type\":\"WebSite\",\"@id\":\"https:\/\/ma-automotive.at\/#website\",\"url\":\"https:\/\/ma-automotive.at\/\",\"name\":\"MA Automotive\",\"description\":\"Ihr First Class Gebrauchtwagenpartner\",\"publisher\":{\"@id\":\"https:\/\/ma-automotive.at\/#organization\"},\"potentialAction\":[{\"@type\":\"SearchAction\",\"target\":{\"@type\":\"EntryPoint\",\"urlTemplate\":\"https:\/\/ma-automotive.at\/?s={search_term_string}\"},\"query-input\":\"required name=search_term_string\"}],\"inLanguage\":\"en-US\"},{\"@type\":\"ImageObject\",\"@id\":\"https:\/\/ma-automotive.at\/impressum\/#primaryimage\",\"inLanguage\":\"en-US\",\"url\":\"https:\/\/ma-automotive.at\/wp-content\/uploads\/2022\/01\/cropped-DA_Black_On_White.png\",\"contentUrl\":\"https:\/\/ma-automotive.at\/wp-content\/uploads\/2022\/01\/cropped-DA_Black_On_White.png\",\"width\":4800,\"height\":4800,\"caption\":\"Auto\"},{\"@type\":\"WebPage\",\"@id\":\"https:\/\/ma-automotive.at\/impressum\/#webpage\",\"url\":\"https:\/\/ma-automotive.at\/impressum\/\",\"name\":\"Impressum &ndash; MA Automotive\",\"isPartOf\":{\"@id\":\"https:\/\/ma-automotive.at\/#website\"},\"datePublished\":\"2022-02-27T17:32:20+00:00\",\"dateModified\":\"2024-11-19T15:44:54+00:00\",\"breadcrumb\":{\"@id\":\"https:\/\/ma-automotive.at\/impressum\/#breadcrumb\"},\"inLanguage\":\"en-US\",\"potentialAction\":[{\"@type\":\"ReadAction\",\"target\":[\"https:\/\/ma-automotive.at\/impressum\/\"]}]},{\"@type\":\"BreadcrumbList\",\"@id\":\"https:\/\/ma-automotive.at\/impressum\/#breadcrumb\",\"itemListElement\":[{\"@type\":\"ListItem\",\"position\":1,\"name\":\"Startseite\",\"item\":\"https:\/\/ma-automotive.at\/\"},{\"@type\":\"ListItem\",\"position\":2,\"name\":\"Impressum\"}]}]}<\/script>\n<!-- \/ Yoast SEO plugin. -->","yoast_head_json":{"title":"Impressum &ndash; MA Automotive","robots":{"index":"index","follow":"follow","max-snippet":"max-snippet:-1","max-image-preview":"max-image-preview:large","max-video-preview":"max-video-preview:-1"},"canonical":"https:\/\/ma-automotive.at\/en\/impressum\/","og_locale":"en_US","og_type":"article","og_title":"Impressum &ndash; MA Automotive","og_description":"FIRMENNAME:&nbsp;MA Automotive GmbH FIRMENBUCHNUMMER:\u00a0 FN 629902 b UID-NUMMER:\u00a0ATU80843009 GESCH\u00c4FTSF\u00dcHRER:&nbsp;D\u00fcrri Ahmed RECHNUNGSDRESSE:Ennserstra\u00dfe 544407 Steyr&nbsp;Gleink","og_url":"https:\/\/ma-automotive.at\/en\/impressum\/","og_site_name":"MA Automotive","article_modified_time":"2024-11-19T15:44:54+00:00","og_image":[{"width":4800,"height":4800,"url":"https:\/\/ma-automotive.at\/wp-content\/uploads\/2022\/01\/cropped-DA_Black_On_White.png","type":"image\/png"}],"twitter_card":"summary_large_image","twitter_misc":{"Est. reading time":"1 minute"},"schema":{"@context":"https:\/\/schema.org","@graph":[{"@type":"Organization","@id":"https:\/\/ma-automotive.at\/#organization","name":"DA Automotive","url":"https:\/\/ma-automotive.at\/","sameAs":[],"logo":{"@type":"ImageObject","@id":"https:\/\/ma-automotive.at\/#logo","inLanguage":"en-US","url":"https:\/\/ma-automotive.at\/wp-content\/uploads\/2022\/01\/DA_Black_On_White.png","contentUrl":"https:\/\/ma-automotive.at\/wp-content\/uploads\/2022\/01\/DA_Black_On_White.png","width":4800,"height":4800,"caption":"DA Automotive"},"image":{"@id":"https:\/\/ma-automotive.at\/#logo"}},{"@type":"WebSite","@id":"https:\/\/ma-automotive.at\/#website","url":"https:\/\/ma-automotive.at\/","name":"MA Automotive","description":"Ihr First Class Gebrauchtwagenpartner","publisher":{"@id":"https:\/\/ma-automotive.at\/#organization"},"potentialAction":[{"@type":"SearchAction","target":{"@type":"EntryPoint","urlTemplate":"https:\/\/ma-automotive.at\/?s={search_term_string}"},"query-input":"required name=search_term_string"}],"inLanguage":"en-US"},{"@type":"ImageObject","@id":"https:\/\/ma-automotive.at\/impressum\/#primaryimage","inLanguage":"en-US","url":"https:\/\/ma-automotive.at\/wp-content\/uploads\/2022\/01\/cropped-DA_Black_On_White.png","contentUrl":"https:\/\/ma-automotive.at\/wp-content\/uploads\/2022\/01\/cropped-DA_Black_On_White.png","width":4800,"height":4800,"caption":"Auto"},{"@type":"WebPage","@id":"https:\/\/ma-automotive.at\/impressum\/#webpage","url":"https:\/\/ma-automotive.at\/impressum\/","name":"Impressum &ndash; MA Automotive","isPartOf":{"@id":"https:\/\/ma-automotive.at\/#website"},"datePublished":"2022-02-27T17:32:20+00:00","dateModified":"2024-11-19T15:44:54+00:00","breadcrumb":{"@id":"https:\/\/ma-automotive.at\/impressum\/#breadcrumb"},"inLanguage":"en-US","potentialAction":[{"@type":"ReadAction","target":["https:\/\/ma-automotive.at\/impressum\/"]}]},{"@type":"BreadcrumbList","@id":"https:\/\/ma-automotive.at\/impressum\/#breadcrumb","itemListElement":[{"@type":"ListItem","position":1,"name":"Startseite","item":"https:\/\/ma-automotive.at\/"},{"@type":"ListItem","position":2,"name":"Impressum"}]}]}},"featured_media_urls":[],"_links":{"self":[{"href":"https:\/\/ma-automotive.at\/en\/wp-json\/wp\/v2\/pages\/257"}],"collection":[{"href":"https:\/\/ma-automotive.at\/en\/wp-json\/wp\/v2\/pages"}],"about":[{"href":"https:\/\/ma-automotive.at\/en\/wp-json\/wp\/v2\/types\/page"}],"author":[{"embeddable":true,"href":"https:\/\/ma-automotive.at\/en\/wp-json\/wp\/v2\/users\/1"}],"replies":[{"embeddable":true,"href":"https:\/\/ma-automotive.at\/en\/wp-json\/wp\/v2\/comments?post=257"}],"version-history":[{"count":3,"href":"https:\/\/ma-automotive.at\/en\/wp-json\/wp\/v2\/pages\/257\/revisions"}],"predecessor-version":[{"id":617,"href":"https:\/\/ma-automotive.at\/en\/wp-json\/wp\/v2\/pages\/257\/revisions\/617"}],"wp:attachment":[{"href":"https:\/\/ma-automotive.at\/en\/wp-json\/wp\/v2\/media?parent=257"}],"curies":[{"name":"wp","href":"https:\/\/api.w.org\/{rel}","templated":true}]}}